{"id":19076,"date":"2025-06-10T14:01:29","date_gmt":"2025-06-10T12:01:29","guid":{"rendered":"https:\/\/www.zaluzie-cibula.sk\/?page_id=19076"},"modified":"2025-06-10T14:01:40","modified_gmt":"2025-06-10T12:01:40","slug":"mobilna-ar-aplikacia-climax","status":"publish","type":"page","link":"https:\/\/www.zaluzie-cibula.sk\/cs\/mobilna-ar-aplikacia-climax\/","title":{"rendered":"Mobiln\u00e1 AR aplik\u00e1cia CLIMAX"},"content":{"rendered":"\n<\/div><\/div>\n\n<div class=\"content-section \">\n\t<div class=\"container container--lg\">\n\n\n\t\t<div class=\"row\">\n\t\t\t<div class=\"col-md-5 content-section__content\">\n\t\t\t\t<h2 class=\"text-start\">Re\u00e1lne sveteln\u00e9 podmienky<\/h2>\n\t\t\t\t\n<p>V\u010faka AR technol\u00f3gii v aplik\u00e1cii <strong>simulujete re\u00e1lne sveteln\u00e9 podmienky<\/strong> pod\u013ea dennej doby a ro\u010dn\u00e9ho obdobia, \u010do pom\u00e1ha vizualizova\u0165, ako efekt\u00edvne bude tienenie v priebehu r\u00f4znych \u010dast\u00ed d\u0148a. To je u\u017eito\u010dn\u00e9 najm\u00e4 <strong>pri pl\u00e1novan\u00ed umiestnenia pergol<\/strong> alebo mark\u00edz na teras\u00e1ch, ktor\u00e9 s\u00fa vystaven\u00e9 intenz\u00edvnemu slne\u010dn\u00e9mu \u017eiareniu.<\/p>\n\t\t\t<\/div>\n\t\t\t<div class=\"col-md-7\">\n\t\t\t\t\t\t\t\t<img\n\t\t\t\t\tclass=\"img-responsive lazyload\"\n\t\t\t\t\tdata-src=\"https:\/\/www.zaluzie-cibula.sk\/wp-content\/uploads\/sites\/17\/2025\/06\/2023_11_promo_mobil-1-m.jpeg\"\n\t\t\t\t\talt=\"\"\n\t\t\t\t src=\"data:image\/svg+xml;base64,PHN2ZyB3aWR0aD0iMSIgaGVpZ2h0PSIxIiB4bWxucz0iaHR0cDovL3d3dy53My5vcmcvMjAwMC9zdmciPjwvc3ZnPg==\" style=\"--smush-placeholder-width: 1920px; --smush-placeholder-aspect-ratio: 1920\/1281;\" \/>\n\t\t\t\t\t\t\t<\/div>\n\t\t<\/div>\n\t<\/div>\n<\/div>\n\n\n<div\n\tstyle=\"background-image:inherit\"\n\tclass=\"text-block-bg lazyload\" data-bg-image=\"url(&#039;https:\/\/www.zaluzie-cibula.sk\/wp-content\/uploads\/sites\/17\/2025\/06\/apka-orez.jpg&#039;)\">\n\t<div class=\"container container--lg\">\n\n\t\t<h2>Pl\u00e1nujete tienenie? Vysk\u00fa\u0161ajte ho ihne\u010f!<\/h2>\n\t\t\n\r\n    <div class='button-aplikace'>\r\n    <a href='' class='button-aplikace__item button-aplikace__item--as'><\/a>\r\n    <a href='' class='button-aplikace__item button-aplikace__item--gp'><\/a>\r\n    <\/div>\r\n    \n\t<\/div>\n\n<\/div>\n\n\n\n<div class=\"content-section content-section--2\">\n\t<div class=\"container container--lg\">\n\n\n\t\t<div class=\"row\">\n\t\t\t<div class=\"col-md-5 content-section__content\">\n\t\t\t\t<h2 class=\"text-start\">Pl\u00e1novanie a rozhodovanie<\/h2>\n\t\t\t\t\n<p>M\u00e1te mo\u017enos\u0165 si vybra\u0165 z r\u00f4znych farieb kon\u0161trukci\u00ed, lamiel a l\u00e1tok tak, aby ste si tienenie zladili s exteri\u00e9rom domu. Vysk\u00fa\u0161ajte si, ak\u00e9 farby v\u00e1\u0161mu domovu najviac pristan\u00fa.<\/p>\n\t\t\t<\/div>\n\t\t\t<div class=\"col-md-7\">\n\t\t\t\t\t\t\t\t<img\n\t\t\t\t\tclass=\"img-responsive lazyload\"\n\t\t\t\t\tdata-src=\"https:\/\/www.zaluzie-cibula.sk\/wp-content\/uploads\/sites\/17\/2025\/06\/Zaluzie-od-CLIMAXu-integrovane-do-chytre-domacnosti-nabidnou-ovladani-na-dalku-nebo-plnou-automatizaci.jpg\"\n\t\t\t\t\talt=\"\"\n\t\t\t\t src=\"data:image\/svg+xml;base64,PHN2ZyB3aWR0aD0iMSIgaGVpZ2h0PSIxIiB4bWxucz0iaHR0cDovL3d3dy53My5vcmcvMjAwMC9zdmciPjwvc3ZnPg==\" style=\"--smush-placeholder-width: 1200px; --smush-placeholder-aspect-ratio: 1200\/800;\" \/>\n\t\t\t\t\t\t\t<\/div>\n\t\t<\/div>\n\t<\/div>\n<\/div>\n\n\n<div class=\"content-section \">\n\t<div class=\"container container--lg\">\n\n\n\t\t<div class=\"row\">\n\t\t\t<div class=\"col-md-5 content-section__content\">\n\t\t\t\t<h2 class=\"text-start\">Ide\u00e1lne pre t\u00fdch, ktor\u00ed renovuj\u00fa alebo projektuj\u00fa svoje b\u00fdvanie<\/h2>\n\t\t\t\t\n<p>Aplik\u00e1cia je ide\u00e1lna aj pre t\u00fdch, ktor\u00ed chc\u00fa ma\u0165 jasn\u00fa predstavu, ako bude tienenie u nich doma vyzera\u0165 sk\u00f4r, ako si ho zaobstaraj\u00fa. M\u00f4\u017ee by\u0165 tie\u017e ve\u013ek\u00fdm pomocn\u00edkom pre dizajn\u00e9rov a architektov, ktor\u00ed chc\u00fa svojim klientom pon\u00faknu\u0165 n\u00e1zorn\u00fd n\u00e1h\u013ead na navrhovan\u00e9 rie\u0161enia e\u0161te pred samotnou realiz\u00e1ciou.<\/p>\n\t\t\t<\/div>\n\t\t\t<div class=\"col-md-7\">\n\t\t\t\t\t\t\t\t<img\n\t\t\t\t\tclass=\"img-responsive lazyload\"\n\t\t\t\t\tdata-src=\"https:\/\/www.zaluzie-cibula.sk\/wp-content\/uploads\/sites\/17\/2025\/06\/PROMO-CLIMAX-2016-24-m.jpg\"\n\t\t\t\t\talt=\"\"\n\t\t\t\t src=\"data:image\/svg+xml;base64,PHN2ZyB3aWR0aD0iMSIgaGVpZ2h0PSIxIiB4bWxucz0iaHR0cDovL3d3dy53My5vcmcvMjAwMC9zdmciPjwvc3ZnPg==\" style=\"--smush-placeholder-width: 1200px; --smush-placeholder-aspect-ratio: 1200\/800;\" \/>\n\t\t\t\t\t\t\t<\/div>\n\t\t<\/div>\n\t<\/div>\n<\/div>\n\n\n<div\n\tstyle=\"background-image:inherit\"\n\tclass=\"text-block-bg lazyload\" data-bg-image=\"url(&#039;https:\/\/www.zaluzie-cibula.sk\/wp-content\/uploads\/sites\/17\/2025\/06\/AR-Climax_1200x628.jpg&#039;)\">\n\t<div class=\"container container--lg\">\n\n\t\t<h2>Stiahnite si aplik\u00e1ciu a vyberte si to najlep\u0161ie tienenie!<\/h2>\n\t\t\n\r\n    <div class='button-aplikace'>\r\n    <a href='' class='button-aplikace__item button-aplikace__item--as'><\/a>\r\n    <a href='' class='button-aplikace__item button-aplikace__item--gp'><\/a>\r\n    <\/div>\r\n    \n\t<\/div>\n\n<\/div>\n\n<div>\n\t<div class=\"container\">\n","protected":false},"excerpt":{"rendered":"","protected":false},"author":5,"featured_media":14628,"parent":0,"menu_order":0,"comment_status":"closed","ping_status":"closed","template":"content-aplikace.php","meta":{"_acf_changed":false,"inline_featured_image":false,"footnotes":""},"class_list":["post-19076","page","type-page","status-publish","has-post-thumbnail","hentry"],"acf":[],"yoast_head":"<!-- This site is optimized with the Yoast SEO Premium plugin v25.8 (Yoast SEO v27.2) - https:\/\/yoast.com\/product\/yoast-seo-premium-wordpress\/ -->\n<title>Mobiln\u00e1 AR aplik\u00e1cia CLIMAX - \u017dal\u00fazie Cibula<\/title>\n<meta name=\"robots\" content=\"index, follow, max-snippet:-1, max-image-preview:large, max-video-preview:-1\" \/>\n<link rel=\"canonical\" href=\"https:\/\/www.zaluzie-cibula.sk\/cs\/mobilna-ar-aplikacia-climax\/\" \/>\n<meta property=\"og:locale\" content=\"cs_CZ\" \/>\n<meta property=\"og:type\" content=\"article\" \/>\n<meta property=\"og:title\" content=\"Mobiln\u00e1 AR aplik\u00e1cia CLIMAX\" \/>\n<meta property=\"og:url\" content=\"https:\/\/www.zaluzie-cibula.sk\/cs\/mobilna-ar-aplikacia-climax\/\" \/>\n<meta property=\"og:site_name\" content=\"\u017dal\u00fazie Cibula\" \/>\n<meta property=\"article:modified_time\" content=\"2025-06-10T12:01:40+00:00\" \/>\n<meta property=\"og:image\" content=\"https:\/\/www.zaluzie-cibula.sk\/wp-content\/uploads\/sites\/17\/2025\/06\/Moderne-technologie-od-CLIMAXu-vam-zarucia-pohodlie-bez-nedmerneho-tepla.jpg\" \/>\n\t<meta property=\"og:image:width\" content=\"1200\" \/>\n\t<meta property=\"og:image:height\" content=\"800\" \/>\n\t<meta property=\"og:image:type\" content=\"image\/jpeg\" \/>\n<meta name=\"twitter:card\" content=\"summary_large_image\" \/>\n<meta name=\"twitter:label1\" content=\"Odhadovan\u00e1 doba \u010dten\u00ed\" \/>\n\t<meta name=\"twitter:data1\" content=\"2 minuty\" \/>\n<script type=\"application\/ld+json\" class=\"yoast-schema-graph\">{\"@context\":\"https:\/\/schema.org\",\"@graph\":[{\"@type\":\"WebPage\",\"@id\":\"https:\/\/www.zaluzie-cibula.sk\/cs\/mobilna-ar-aplikacia-climax\/\",\"url\":\"https:\/\/www.zaluzie-cibula.sk\/cs\/mobilna-ar-aplikacia-climax\/\",\"name\":\"Mobiln\u00e1 AR aplik\u00e1cia CLIMAX - \u017dal\u00fazie Cibula\",\"isPartOf\":{\"@id\":\"https:\/\/www.zaluzie-cibula.sk\/cs\/#website\"},\"primaryImageOfPage\":{\"@id\":\"https:\/\/www.zaluzie-cibula.sk\/cs\/mobilna-ar-aplikacia-climax\/#primaryimage\"},\"image\":{\"@id\":\"https:\/\/www.zaluzie-cibula.sk\/cs\/mobilna-ar-aplikacia-climax\/#primaryimage\"},\"thumbnailUrl\":\"https:\/\/www.zaluzie-cibula.sk\/wp-content\/uploads\/sites\/17\/2025\/06\/Moderne-technologie-od-CLIMAXu-vam-zarucia-pohodlie-bez-nedmerneho-tepla.jpg\",\"datePublished\":\"2025-06-10T12:01:29+00:00\",\"dateModified\":\"2025-06-10T12:01:40+00:00\",\"breadcrumb\":{\"@id\":\"https:\/\/www.zaluzie-cibula.sk\/cs\/mobilna-ar-aplikacia-climax\/#breadcrumb\"},\"inLanguage\":\"cs\",\"potentialAction\":[{\"@type\":\"ReadAction\",\"target\":[\"https:\/\/www.zaluzie-cibula.sk\/cs\/mobilna-ar-aplikacia-climax\/\"]}]},{\"@type\":\"ImageObject\",\"inLanguage\":\"cs\",\"@id\":\"https:\/\/www.zaluzie-cibula.sk\/cs\/mobilna-ar-aplikacia-climax\/#primaryimage\",\"url\":\"https:\/\/www.zaluzie-cibula.sk\/wp-content\/uploads\/sites\/17\/2025\/06\/Moderne-technologie-od-CLIMAXu-vam-zarucia-pohodlie-bez-nedmerneho-tepla.jpg\",\"contentUrl\":\"https:\/\/www.zaluzie-cibula.sk\/wp-content\/uploads\/sites\/17\/2025\/06\/Moderne-technologie-od-CLIMAXu-vam-zarucia-pohodlie-bez-nedmerneho-tepla.jpg\",\"width\":1200,\"height\":800},{\"@type\":\"BreadcrumbList\",\"@id\":\"https:\/\/www.zaluzie-cibula.sk\/cs\/mobilna-ar-aplikacia-climax\/#breadcrumb\",\"itemListElement\":[{\"@type\":\"ListItem\",\"position\":1,\"name\":\"Dom\u016f\",\"item\":\"https:\/\/www.zaluzie-cibula.sk\/cs\/\"},{\"@type\":\"ListItem\",\"position\":2,\"name\":\"Mobiln\u00e1 AR aplik\u00e1cia CLIMAX\"}]},{\"@type\":\"WebSite\",\"@id\":\"https:\/\/www.zaluzie-cibula.sk\/cs\/#website\",\"url\":\"https:\/\/www.zaluzie-cibula.sk\/cs\/\",\"name\":\"\u017dal\u00fazie Cibula\",\"description\":\"\",\"potentialAction\":[{\"@type\":\"SearchAction\",\"target\":{\"@type\":\"EntryPoint\",\"urlTemplate\":\"https:\/\/www.zaluzie-cibula.sk\/cs\/?s={search_term_string}\"},\"query-input\":{\"@type\":\"PropertyValueSpecification\",\"valueRequired\":true,\"valueName\":\"search_term_string\"}}],\"inLanguage\":\"cs\"}]}<\/script>\n<!-- \/ Yoast SEO Premium plugin. -->","yoast_head_json":{"title":"Mobiln\u00e1 AR aplik\u00e1cia CLIMAX - \u017dal\u00fazie Cibula","robots":{"index":"index","follow":"follow","max-snippet":"max-snippet:-1","max-image-preview":"max-image-preview:large","max-video-preview":"max-video-preview:-1"},"canonical":"https:\/\/www.zaluzie-cibula.sk\/cs\/mobilna-ar-aplikacia-climax\/","og_locale":"cs_CZ","og_type":"article","og_title":"Mobiln\u00e1 AR aplik\u00e1cia CLIMAX","og_url":"https:\/\/www.zaluzie-cibula.sk\/cs\/mobilna-ar-aplikacia-climax\/","og_site_name":"\u017dal\u00fazie Cibula","article_modified_time":"2025-06-10T12:01:40+00:00","og_image":[{"width":1200,"height":800,"url":"https:\/\/www.zaluzie-cibula.sk\/wp-content\/uploads\/sites\/17\/2025\/06\/Moderne-technologie-od-CLIMAXu-vam-zarucia-pohodlie-bez-nedmerneho-tepla.jpg","type":"image\/jpeg"}],"twitter_card":"summary_large_image","twitter_misc":{"Odhadovan\u00e1 doba \u010dten\u00ed":"2 minuty"},"schema":{"@context":"https:\/\/schema.org","@graph":[{"@type":"WebPage","@id":"https:\/\/www.zaluzie-cibula.sk\/cs\/mobilna-ar-aplikacia-climax\/","url":"https:\/\/www.zaluzie-cibula.sk\/cs\/mobilna-ar-aplikacia-climax\/","name":"Mobiln\u00e1 AR aplik\u00e1cia CLIMAX - \u017dal\u00fazie Cibula","isPartOf":{"@id":"https:\/\/www.zaluzie-cibula.sk\/cs\/#website"},"primaryImageOfPage":{"@id":"https:\/\/www.zaluzie-cibula.sk\/cs\/mobilna-ar-aplikacia-climax\/#primaryimage"},"image":{"@id":"https:\/\/www.zaluzie-cibula.sk\/cs\/mobilna-ar-aplikacia-climax\/#primaryimage"},"thumbnailUrl":"https:\/\/www.zaluzie-cibula.sk\/wp-content\/uploads\/sites\/17\/2025\/06\/Moderne-technologie-od-CLIMAXu-vam-zarucia-pohodlie-bez-nedmerneho-tepla.jpg","datePublished":"2025-06-10T12:01:29+00:00","dateModified":"2025-06-10T12:01:40+00:00","breadcrumb":{"@id":"https:\/\/www.zaluzie-cibula.sk\/cs\/mobilna-ar-aplikacia-climax\/#breadcrumb"},"inLanguage":"cs","potentialAction":[{"@type":"ReadAction","target":["https:\/\/www.zaluzie-cibula.sk\/cs\/mobilna-ar-aplikacia-climax\/"]}]},{"@type":"ImageObject","inLanguage":"cs","@id":"https:\/\/www.zaluzie-cibula.sk\/cs\/mobilna-ar-aplikacia-climax\/#primaryimage","url":"https:\/\/www.zaluzie-cibula.sk\/wp-content\/uploads\/sites\/17\/2025\/06\/Moderne-technologie-od-CLIMAXu-vam-zarucia-pohodlie-bez-nedmerneho-tepla.jpg","contentUrl":"https:\/\/www.zaluzie-cibula.sk\/wp-content\/uploads\/sites\/17\/2025\/06\/Moderne-technologie-od-CLIMAXu-vam-zarucia-pohodlie-bez-nedmerneho-tepla.jpg","width":1200,"height":800},{"@type":"BreadcrumbList","@id":"https:\/\/www.zaluzie-cibula.sk\/cs\/mobilna-ar-aplikacia-climax\/#breadcrumb","itemListElement":[{"@type":"ListItem","position":1,"name":"Dom\u016f","item":"https:\/\/www.zaluzie-cibula.sk\/cs\/"},{"@type":"ListItem","position":2,"name":"Mobiln\u00e1 AR aplik\u00e1cia CLIMAX"}]},{"@type":"WebSite","@id":"https:\/\/www.zaluzie-cibula.sk\/cs\/#website","url":"https:\/\/www.zaluzie-cibula.sk\/cs\/","name":"\u017dal\u00fazie Cibula","description":"","potentialAction":[{"@type":"SearchAction","target":{"@type":"EntryPoint","urlTemplate":"https:\/\/www.zaluzie-cibula.sk\/cs\/?s={search_term_string}"},"query-input":{"@type":"PropertyValueSpecification","valueRequired":true,"valueName":"search_term_string"}}],"inLanguage":"cs"}]}},"_links":{"self":[{"href":"https:\/\/www.zaluzie-cibula.sk\/cs\/wp-json\/wp\/v2\/pages\/19076","targetHints":{"allow":["GET"]}}],"collection":[{"href":"https:\/\/www.zaluzie-cibula.sk\/cs\/wp-json\/wp\/v2\/pages"}],"about":[{"href":"https:\/\/www.zaluzie-cibula.sk\/cs\/wp-json\/wp\/v2\/types\/page"}],"author":[{"embeddable":true,"href":"https:\/\/www.zaluzie-cibula.sk\/cs\/wp-json\/wp\/v2\/users\/5"}],"replies":[{"embeddable":true,"href":"https:\/\/www.zaluzie-cibula.sk\/cs\/wp-json\/wp\/v2\/comments?post=19076"}],"version-history":[{"count":1,"href":"https:\/\/www.zaluzie-cibula.sk\/cs\/wp-json\/wp\/v2\/pages\/19076\/revisions"}],"predecessor-version":[{"id":19077,"href":"https:\/\/www.zaluzie-cibula.sk\/cs\/wp-json\/wp\/v2\/pages\/19076\/revisions\/19077"}],"wp:featuredmedia":[{"embeddable":true,"href":"https:\/\/www.zaluzie-cibula.sk\/cs\/wp-json\/wp\/v2\/media\/14628"}],"wp:attachment":[{"href":"https:\/\/www.zaluzie-cibula.sk\/cs\/wp-json\/wp\/v2\/media?parent=19076"}],"curies":[{"name":"wp","href":"https:\/\/api.w.org\/{rel}","templated":true}]}}